{"id":259,"date":"2024-10-01T02:43:50","date_gmt":"2024-10-01T07:43:50","guid":{"rendered":"https:\/\/savieza.com\/?page_id=259"},"modified":"2024-10-23T17:05:24","modified_gmt":"2024-10-23T22:05:24","slug":"sobre-nosotros","status":"publish","type":"page","link":"https:\/\/savieza.com\/en\/sobre-nosotros\/","title":{"rendered":"WHO WE ARE"},"content":{"rendered":"<div data-elementor-type=\"wp-page\" data-elementor-id=\"259\" class=\"elementor elementor-259\" data-elementor-post-type=\"page\">\n\t\t\t\t<div class=\"elementor-element elementor-element-9f61dd8 e-con-full e-flex e-con e-parent\" data-id=\"9f61dd8\" data-element_type=\"container\">\n\t\t\t\t<div class=\"elementor-element elementor-element-25d8d40 elementor-widget elementor-widget-image\" data-id=\"25d8d40\" data-element_type=\"widget\" data-widget_type=\"image.default\">\n\t\t\t\t<div class=\"elementor-widget-container\">\n\t\t\t\t\t\t\t\t\t\t\t\t\t\t\t<img fetchpriority=\"high\" decoding=\"async\" width=\"693\" height=\"421\" src=\"https:\/\/savieza.com\/wp-content\/uploads\/savieza11.jpg\" class=\"attachment-medium_large size-medium_large wp-image-391\" alt=\"\" srcset=\"https:\/\/savieza.com\/wp-content\/uploads\/savieza11.jpg 693w, https:\/\/savieza.com\/wp-content\/uploads\/savieza11-300x182.jpg 300w, https:\/\/savieza.com\/wp-content\/uploads\/savieza11-600x365.jpg 600w\" sizes=\"(max-width: 693px) 100vw, 693px\" \/>\t\t\t\t\t\t\t\t\t\t\t\t\t\t\t<\/div>\n\t\t\t\t<\/div>\n\t\t\t\t<\/div>\n\t\t<div class=\"elementor-element elementor-element-9fb46c2 e-con-full e-flex e-con e-parent\" data-id=\"9fb46c2\" data-element_type=\"container\">\n\t\t\t\t<div class=\"elementor-element elementor-element-ee73037 elementor-widget elementor-widget-text-editor\" data-id=\"ee73037\" data-element_type=\"widget\" data-widget_type=\"text-editor.default\">\n\t\t\t\t<div class=\"elementor-widget-container\">\n\t\t\t\t\t\t\t\t\t<h3>We are an ecotourism project (ecobiopsicosocial - spiritual), which seeks to promote through different experiences which are generated integral processes; in pursuit of human development, well-being, the formation of communities; through the activities implemented in our rural areas.<\/h3>\t\t\t\t\t\t\t\t<\/div>\n\t\t\t\t<\/div>\n\t\t\t\t<\/div>\n\t\t<div class=\"elementor-element elementor-element-bbd9276 e-flex e-con-boxed e-con e-parent\" data-id=\"bbd9276\" data-element_type=\"container\">\n\t\t\t\t\t<div class=\"e-con-inner\">\n\t\t<div class=\"elementor-element elementor-element-c5e8486 e-con-full e-flex e-con e-child\" data-id=\"c5e8486\" data-element_type=\"container\">\n\t\t\t\t<div class=\"elementor-element elementor-element-52101a1 elementor-widget elementor-widget-heading\" data-id=\"52101a1\" data-element_type=\"widget\" data-widget_type=\"heading.default\">\n\t\t\t\t<div class=\"elementor-widget-container\">\n\t\t\t\t\t<h1 class=\"elementor-heading-title elementor-size-default\"><b>Our Vision<\/b><\/h1>\t\t\t\t<\/div>\n\t\t\t\t<\/div>\n\t\t\t\t<div class=\"elementor-element elementor-element-04cf9bf elementor-widget elementor-widget-text-editor\" data-id=\"04cf9bf\" data-element_type=\"widget\" data-widget_type=\"text-editor.default\">\n\t\t\t\t<div class=\"elementor-widget-container\">\n\t\t\t\t\t\t\t\t\t<h3 class=\"MsoNormal\" style=\"margin-bottom: 15pt; text-align: justify; background-image: initial; background-position: initial; background-size: initial; background-repeat: initial; background-attachment: initial; background-origin: initial; background-clip: initial;\"><span style=\"font-size: 19.0pt; font-family: 'Segoe UI',sans-serif; mso-fareast-font-family: 'Times New Roman'; mso-font-kerning: 18.0pt; mso-fareast-language: ES-CO;\">We are an ecotourism project integral, which seeks to promote through experiences in rural areas with different options, including: Contact with Nature, Interaction with Animals and disconnection; contributing to sustainable development at the local level, regional and global levels, provided in each one of the visitors, diversity of activities, well-being and inner peace.<\/span><\/h3>\t\t\t\t\t\t\t\t<\/div>\n\t\t\t\t<\/div>\n\t\t\t\t<\/div>\n\t\t\t\t<div class=\"elementor-element elementor-element-26869d2 elementor-widget elementor-widget-spacer\" data-id=\"26869d2\" data-element_type=\"widget\" data-widget_type=\"spacer.default\">\n\t\t\t\t<div class=\"elementor-widget-container\">\n\t\t\t\t\t\t\t<div class=\"elementor-spacer\">\n\t\t\t<div class=\"elementor-spacer-inner\"><\/div>\n\t\t<\/div>\n\t\t\t\t\t\t<\/div>\n\t\t\t\t<\/div>\n\t\t<div class=\"elementor-element elementor-element-2351fab e-con-full e-flex e-con e-child\" data-id=\"2351fab\" data-element_type=\"container\">\n\t\t\t\t<div class=\"elementor-element elementor-element-0610bb7 elementor-widget elementor-widget-heading\" data-id=\"0610bb7\" data-element_type=\"widget\" data-widget_type=\"heading.default\">\n\t\t\t\t<div class=\"elementor-widget-container\">\n\t\t\t\t\t<h1 class=\"elementor-heading-title elementor-size-default\"><b>Our Mission<\/b><\/h1>\t\t\t\t<\/div>\n\t\t\t\t<\/div>\n\t\t\t\t<div class=\"elementor-element elementor-element-165863f elementor-widget elementor-widget-text-editor\" data-id=\"165863f\" data-element_type=\"widget\" data-widget_type=\"text-editor.default\">\n\t\t\t\t<div class=\"elementor-widget-container\">\n\t\t\t\t\t\t\t\t\t<h4>For the year 2030,\u00a0<strong>SAVIEZA LIFE EXPERIENCE S. A. S.\u00a0<\/strong>It will be supportive to the national and international level of eco-tourism experiences in rural, that last the test of time and be remembered, and the same positioning us as a destination of excellence in the colombian territory.<\/h4>\t\t\t\t\t\t\t\t<\/div>\n\t\t\t\t<\/div>\n\t\t\t\t<\/div>\n\t\t\t\t\t<\/div>\n\t\t\t\t<\/div>\n\t\t<div class=\"elementor-element elementor-element-b624271 e-con-full e-flex e-con e-parent\" data-id=\"b624271\" data-element_type=\"container\">\n\t\t<div class=\"elementor-element elementor-element-040471c e-con-full e-flex e-con e-child\" data-id=\"040471c\" data-element_type=\"container\">\n\t\t<div class=\"elementor-element elementor-element-4820439 e-con-full e-flex e-con e-child\" data-id=\"4820439\" data-element_type=\"container\">\n\t\t\t\t<div class=\"elementor-element elementor-element-fc82552 elementor-widget elementor-widget-heading\" data-id=\"fc82552\" data-element_type=\"widget\" data-widget_type=\"heading.default\">\n\t\t\t\t<div class=\"elementor-widget-container\">\n\t\t\t\t\t<h4 class=\"elementor-heading-title elementor-size-default\">Sidewalk Susat\u00e1, municipality of Nemoc\u00f3n, Cundinamarca, Colombia.<\/h4>\t\t\t\t<\/div>\n\t\t\t\t<\/div>\n\t\t<div class=\"elementor-element elementor-element-12ef5d4 e-con-full e-flex e-con e-child\" data-id=\"12ef5d4\" data-element_type=\"container\">\n\t\t\t\t<div class=\"elementor-element elementor-element-33394bb elementor-widget elementor-widget-heading\" data-id=\"33394bb\" data-element_type=\"widget\" data-widget_type=\"heading.default\">\n\t\t\t\t<div class=\"elementor-widget-container\">\n\t\t\t\t\t<h4 class=\"elementor-heading-title elementor-size-default\">Whatsapp : (+57) 324 531 9256<\/h4>\t\t\t\t<\/div>\n\t\t\t\t<\/div>\n\t\t<div class=\"elementor-element elementor-element-15d00e6 e-con-full e-flex e-con e-child\" data-id=\"15d00e6\" data-element_type=\"container\">\n\t\t\t\t<div class=\"elementor-element elementor-element-b45dc32 elementor-align-center elementor-widget elementor-widget-button\" data-id=\"b45dc32\" data-element_type=\"widget\" data-widget_type=\"button.default\">\n\t\t\t\t<div class=\"elementor-widget-container\">\n\t\t\t\t\t\t\t\t\t<div class=\"elementor-button-wrapper\">\n\t\t\t\t\t<a class=\"elementor-button elementor-button-link elementor-size-sm\" href=\"mailto:reservas@savieza.com?subject=Informaci\u00f3n%20sobre%20%20una%20reservaci\u00f3n\">\n\t\t\t\t\t\t<span class=\"elementor-button-content-wrapper\">\n\t\t\t\t\t\t<span class=\"elementor-button-icon\">\n\t\t\t\t<svg aria-hidden=\"true\" class=\"e-font-icon-svg e-far-hand-point-right\" viewbox=\"0 0 512 512\" xmlns=\"http:\/\/www.w3.org\/2000\/svg\"><path d=\"M428.8 137.6h-86.177a115.52 115.52 0 0 0 2.176-22.4c0-47.914-35.072-83.2-92-83.2-45.314 0-57.002 48.537-75.707 78.784-7.735 12.413-16.994 23.317-25.851 33.253l-.131.146-.129.148C135.662 161.807 127.764 168 120.8 168h-2.679c-5.747-4.952-13.536-8-22.12-8H32c-17.673 0-32 12.894-32 28.8v230.4C0 435.106 14.327 448 32 448h64c8.584 0 16.373-3.048 22.12-8h2.679c28.688 0 67.137 40 127.2 40h21.299c62.542 0 98.8-38.658 99.94-91.145 12.482-17.813 18.491-40.785 15.985-62.791A93.148 93.148 0 0 0 393.152 304H428.8c45.435 0 83.2-37.584 83.2-83.2 0-45.099-38.101-83.2-83.2-83.2zm0 118.4h-91.026c12.837 14.669 14.415 42.825-4.95 61.05 11.227 19.646 1.687 45.624-12.925 53.625 6.524 39.128-10.076 61.325-50.6 61.325H248c-45.491 0-77.21-35.913-120-39.676V215.571c25.239-2.964 42.966-21.222 59.075-39.596 11.275-12.65 21.725-25.3 30.799-39.875C232.355 112.712 244.006 80 252.8 80c23.375 0 44 8.8 44 35.2 0 35.2-26.4 53.075-26.4 70.4h158.4c18.425 0 35.2 16.5 35.2 35.2 0 18.975-16.225 35.2-35.2 35.2zM88 384c0 13.255-10.745 24-24 24s-24-10.745-24-24 10.745-24 24-24 24 10.745 24 24z\"><\/path><\/svg>\t\t\t<\/span>\n\t\t\t\t\t\t\t\t\t<span class=\"elementor-button-text\">reservas@savieza.com<\/span>\n\t\t\t\t\t<\/span>\n\t\t\t\t\t<\/a>\n\t\t\t\t<\/div>\n\t\t\t\t\t\t\t\t<\/div>\n\t\t\t\t<\/div>\n\t\t\t\t<\/div>\n\t\t<div class=\"elementor-element elementor-element-68e6d19 e-con-full e-flex e-con e-child\" data-id=\"68e6d19\" data-element_type=\"container\">\n\t\t\t\t<div class=\"elementor-element elementor-element-63b9c37 elementor-widget elementor-widget-heading\" data-id=\"63b9c37\" data-element_type=\"widget\" data-widget_type=\"heading.default\">\n\t\t\t\t<div class=\"elementor-widget-container\">\n\t\t\t\t\t<h5 class=\"elementor-heading-title elementor-size-default\">gerencia@savieza.com<\/h5>\t\t\t\t<\/div>\n\t\t\t\t<\/div>\n\t\t\t\t<\/div>\n\t\t\t\t<\/div>\n\t\t<div class=\"elementor-element elementor-element-3a888a6 e-con-full e-flex e-con e-child\" data-id=\"3a888a6\" data-element_type=\"container\">\n\t\t\t\t<div class=\"elementor-element elementor-element-1690b49 elementor-shape-rounded elementor-grid-0 e-grid-align-center elementor-widget elementor-widget-social-icons\" data-id=\"1690b49\" data-element_type=\"widget\" data-widget_type=\"social-icons.default\">\n\t\t\t\t<div class=\"elementor-widget-container\">\n\t\t\t\t\t\t\t<div class=\"elementor-social-icons-wrapper elementor-grid\" role=\"list\">\n\t\t\t\t\t\t\t<span class=\"elementor-grid-item\" role=\"listitem\">\n\t\t\t\t\t<a class=\"elementor-icon elementor-social-icon elementor-social-icon-airbnb elementor-repeater-item-8152094\" href=\"https:\/\/es-l.airbnb.com\/rooms\/647276535795859635?guests=1&#038;adults=1&#038;s=67&#038;unique_share_id=09c6a549-ed28-4a8f-97d4-10dc269ad0f9\" target=\"_blank\">\n\t\t\t\t\t\t<span class=\"elementor-screen-only\">Airbnb<\/span>\n\t\t\t\t\t\t<svg class=\"e-font-icon-svg e-fab-airbnb\" viewbox=\"0 0 448 512\" xmlns=\"http:\/\/www.w3.org\/2000\/svg\"><path d=\"M224 373.12c-25.24-31.67-40.08-59.43-45-83.18-22.55-88 112.61-88 90.06 0-5.45 24.25-20.29 52-45 83.18zm138.15 73.23c-42.06 18.31-83.67-10.88-119.3-50.47 103.9-130.07 46.11-200-18.85-200-54.92 0-85.16 46.51-73.28 100.5 6.93 29.19 25.23 62.39 54.43 99.5-32.53 36.05-60.55 52.69-85.15 54.92-50 7.43-89.11-41.06-71.3-91.09 15.1-39.16 111.72-231.18 115.87-241.56 15.75-30.07 25.56-57.4 59.38-57.4 32.34 0 43.4 25.94 60.37 59.87 36 70.62 89.35 177.48 114.84 239.09 13.17 33.07-1.37 71.29-37.01 86.64zm47-136.12C280.27 35.93 273.13 32 224 32c-45.52 0-64.87 31.67-84.66 72.79C33.18 317.1 22.89 347.19 22 349.81-3.22 419.14 48.74 480 111.63 480c21.71 0 60.61-6.06 112.37-62.4 58.68 63.78 101.26 62.4 112.37 62.4 62.89.05 114.85-60.86 89.61-130.19.02-3.89-16.82-38.9-16.82-39.58z\"><\/path><\/svg>\t\t\t\t\t<\/a>\n\t\t\t\t<\/span>\n\t\t\t\t\t\t\t<span class=\"elementor-grid-item\" role=\"listitem\">\n\t\t\t\t\t<a class=\"elementor-icon elementor-social-icon elementor-social-icon-bootstrap elementor-repeater-item-84c7c3c\" href=\"https:\/\/www.booking.com\/Share-8sw2DFS\" target=\"_blank\">\n\t\t\t\t\t\t<span class=\"elementor-screen-only\">Bootstrap<\/span>\n\t\t\t\t\t\t<svg class=\"e-font-icon-svg e-fab-bootstrap\" viewbox=\"0 0 448 512\" xmlns=\"http:\/\/www.w3.org\/2000\/svg\"><path d=\"M292.3 311.93c0 42.41-39.72 41.43-43.92 41.43h-80.89v-81.69h80.89c42.56 0 43.92 31.9 43.92 40.26zm-50.15-73.13c.67 0 38.44 1 38.44-36.31 0-15.52-3.51-35.87-38.44-35.87h-74.66v72.18h74.66zM448 106.67v298.66A74.89 74.89 0 0 1 373.33 480H74.67A74.89 74.89 0 0 1 0 405.33V106.67A74.89 74.89 0 0 1 74.67 32h298.66A74.89 74.89 0 0 1 448 106.67zM338.05 317.86c0-21.57-6.65-58.29-49.05-67.35v-.73c22.91-9.78 37.34-28.25 37.34-55.64 0-7 2-64.78-77.6-64.78h-127v261.33c128.23 0 139.87 1.68 163.6-5.71 14.21-4.42 52.71-17.98 52.71-67.12z\"><\/path><\/svg>\t\t\t\t\t<\/a>\n\t\t\t\t<\/span>\n\t\t\t\t\t<\/div>\n\t\t\t\t\t\t<\/div>\n\t\t\t\t<\/div>\n\t\t\t\t<\/div>\n\t\t\t\t<\/div>\n\t\t\t\t<\/div>\n\t\t<div class=\"elementor-element elementor-element-4a0c71f e-con-full e-flex e-con e-child\" data-id=\"4a0c71f\" data-element_type=\"container\">\n\t\t<div class=\"elementor-element elementor-element-432a088 e-con-full e-flex e-con e-child\" data-id=\"432a088\" data-element_type=\"container\">\n\t\t\t\t<div class=\"elementor-element elementor-element-fa3159a elementor-widget elementor-widget-image\" data-id=\"fa3159a\" data-element_type=\"widget\" data-widget_type=\"image.default\">\n\t\t\t\t<div class=\"elementor-widget-container\">\n\t\t\t\t\t\t\t\t\t\t\t\t\t\t\t<img decoding=\"async\" src=\"https:\/\/savieza.com\/wp-content\/uploads\/1-1-273x300-2.png\" title=\"1-1-273&#215;300\" alt=\"Tu reserva ha sido confirmada\" loading=\"lazy\" \/>\t\t\t\t\t\t\t\t\t\t\t\t\t\t\t<\/div>\n\t\t\t\t<\/div>\n\t\t\t\t<div class=\"elementor-element elementor-element-d17a26d elementor-shape-rounded elementor-grid-0 e-grid-align-center elementor-widget elementor-widget-social-icons\" data-id=\"d17a26d\" data-element_type=\"widget\" data-widget_type=\"social-icons.default\">\n\t\t\t\t<div class=\"elementor-widget-container\">\n\t\t\t\t\t\t\t<div class=\"elementor-social-icons-wrapper elementor-grid\" role=\"list\">\n\t\t\t\t\t\t\t<span class=\"elementor-grid-item\" role=\"listitem\">\n\t\t\t\t\t<a class=\"elementor-icon elementor-social-icon elementor-social-icon-facebook elementor-repeater-item-e254b88\" href=\"https:\/\/www.facebook.com\/SaviezaOficial1?mibextid=kFxxJD\" target=\"_blank\">\n\t\t\t\t\t\t<span class=\"elementor-screen-only\">Facebook<\/span>\n\t\t\t\t\t\t<svg class=\"e-font-icon-svg e-fab-facebook\" viewbox=\"0 0 512 512\" xmlns=\"http:\/\/www.w3.org\/2000\/svg\"><path d=\"M504 256C504 119 393 8 256 8S8 119 8 256c0 123.78 90.69 226.38 209.25 245V327.69h-63V256h63v-54.64c0-62.15 37-96.48 93.67-96.48 27.14 0 55.52 4.84 55.52 4.84v61h-31.28c-30.8 0-40.41 19.12-40.41 38.73V256h68.78l-11 71.69h-57.78V501C413.31 482.38 504 379.78 504 256z\"><\/path><\/svg>\t\t\t\t\t<\/a>\n\t\t\t\t<\/span>\n\t\t\t\t\t\t\t<span class=\"elementor-grid-item\" role=\"listitem\">\n\t\t\t\t\t<a class=\"elementor-icon elementor-social-icon elementor-social-icon-instagram elementor-repeater-item-3b390b1\" href=\"https:\/\/www.instagram.com\/saviezaoficial1\/profilecard\/?igsh=MTdicGRxdmdqMGEyOQ==\" target=\"_blank\">\n\t\t\t\t\t\t<span class=\"elementor-screen-only\">Instagram<\/span>\n\t\t\t\t\t\t<svg class=\"e-font-icon-svg e-fab-instagram\" viewbox=\"0 0 448 512\" xmlns=\"http:\/\/www.w3.org\/2000\/svg\"><path d=\"M224.1 141c-63.6 0-114.9 51.3-114.9 114.9s51.3 114.9 114.9 114.9S339 319.5 339 255.9 287.7 141 224.1 141zm0 189.6c-41.1 0-74.7-33.5-74.7-74.7s33.5-74.7 74.7-74.7 74.7 33.5 74.7 74.7-33.6 74.7-74.7 74.7zm146.4-194.3c0 14.9-12 26.8-26.8 26.8-14.9 0-26.8-12-26.8-26.8s12-26.8 26.8-26.8 26.8 12 26.8 26.8zm76.1 27.2c-1.7-35.9-9.9-67.7-36.2-93.9-26.2-26.2-58-34.4-93.9-36.2-37-2.1-147.9-2.1-184.9 0-35.8 1.7-67.6 9.9-93.9 36.1s-34.4 58-36.2 93.9c-2.1 37-2.1 147.9 0 184.9 1.7 35.9 9.9 67.7 36.2 93.9s58 34.4 93.9 36.2c37 2.1 147.9 2.1 184.9 0 35.9-1.7 67.7-9.9 93.9-36.2 26.2-26.2 34.4-58 36.2-93.9 2.1-37 2.1-147.8 0-184.8zM398.8 388c-7.8 19.6-22.9 34.7-42.6 42.6-29.5 11.7-99.5 9-132.1 9s-102.7 2.6-132.1-9c-19.6-7.8-34.7-22.9-42.6-42.6-11.7-29.5-9-99.5-9-132.1s-2.6-102.7 9-132.1c7.8-19.6 22.9-34.7 42.6-42.6 29.5-11.7 99.5-9 132.1-9s102.7-2.6 132.1 9c19.6 7.8 34.7 22.9 42.6 42.6 11.7 29.5 9 99.5 9 132.1s2.7 102.7-9 132.1z\"><\/path><\/svg>\t\t\t\t\t<\/a>\n\t\t\t\t<\/span>\n\t\t\t\t\t\t\t<span class=\"elementor-grid-item\" role=\"listitem\">\n\t\t\t\t\t<a class=\"elementor-icon elementor-social-icon elementor-social-icon-tiktok elementor-repeater-item-30615fd\" href=\"https:\/\/www.tiktok.com\/@saviezaoficial?_t=8qM5b7vkzXK&#038;_r=1\" target=\"_blank\">\n\t\t\t\t\t\t<span class=\"elementor-screen-only\">Tiktok<\/span>\n\t\t\t\t\t\t<svg class=\"e-font-icon-svg e-fab-tiktok\" viewbox=\"0 0 448 512\" xmlns=\"http:\/\/www.w3.org\/2000\/svg\"><path d=\"M448,209.91a210.06,210.06,0,0,1-122.77-39.25V349.38A162.55,162.55,0,1,1,185,188.31V278.2a74.62,74.62,0,1,0,52.23,71.18V0l88,0a121.18,121.18,0,0,0,1.86,22.17h0A122.18,122.18,0,0,0,381,102.39a121.43,121.43,0,0,0,67,20.14Z\"><\/path><\/svg>\t\t\t\t\t<\/a>\n\t\t\t\t<\/span>\n\t\t\t\t\t<\/div>\n\t\t\t\t\t\t<\/div>\n\t\t\t\t<\/div>\n\t\t<div class=\"elementor-element elementor-element-0137c65 e-con-full e-flex e-con e-child\" data-id=\"0137c65\" data-element_type=\"container\">\n\t\t\t\t<div class=\"elementor-element elementor-element-49f35f3 elementor-widget elementor-widget-google_maps\" data-id=\"49f35f3\" data-element_type=\"widget\" data-widget_type=\"google_maps.default\">\n\t\t\t\t<div class=\"elementor-widget-container\">\n\t\t\t\t\t\t\t<div class=\"elementor-custom-embed\">\n\t\t\t<iframe loading=\"lazy\"\n\t\t\t\t\tsrc=\"https:\/\/maps.google.com\/maps?q=savieza&#038;t=m&#038;z=10&#038;output=embed&#038;iwloc=near\"\n\t\t\t\t\ttitle=\"savieza\"\n\t\t\t\t\taria-label=\"savieza\"\n\t\t\t><\/iframe>\n\t\t<\/div>\n\t\t\t\t\t\t<\/div>\n\t\t\t\t<\/div>\n\t\t\t\t<\/div>\n\t\t\t\t<\/div>\n\t\t\t\t<\/div>\n\t\t<div class=\"elementor-element elementor-element-a3684fd e-con-full e-flex e-con e-child\" data-id=\"a3684fd\" data-element_type=\"container\">\n\t\t<div class=\"elementor-element elementor-element-503c84d e-con-full e-flex e-con e-child\" data-id=\"503c84d\" data-element_type=\"container\">\n\t\t\t\t<div class=\"elementor-element elementor-element-35db023 elementor-widget elementor-widget-heading\" data-id=\"35db023\" data-element_type=\"widget\" data-widget_type=\"heading.default\">\n\t\t\t\t<div class=\"elementor-widget-container\">\n\t\t\t\t\t<h3 class=\"elementor-heading-title elementor-size-default\">Our Certificates<br><b> A. N. T. 103609<\/b><\/h3>\t\t\t\t<\/div>\n\t\t\t\t<\/div>\n\t\t\t\t<div class=\"elementor-element elementor-element-4064304 elementor-widget elementor-widget-image\" data-id=\"4064304\" data-element_type=\"widget\" data-widget_type=\"image.default\">\n\t\t\t\t<div class=\"elementor-widget-container\">\n\t\t\t\t\t\t\t\t\t\t\t\t\t\t\t<img decoding=\"async\" width=\"1024\" height=\"576\" src=\"https:\/\/savieza.com\/wp-content\/uploads\/Logos-Certificados-1024x576.png\" class=\"attachment-large size-large wp-image-747\" alt=\"\" srcset=\"https:\/\/savieza.com\/wp-content\/uploads\/Logos-Certificados-1024x576.png 1024w, https:\/\/savieza.com\/wp-content\/uploads\/Logos-Certificados-300x169.png 300w, https:\/\/savieza.com\/wp-content\/uploads\/Logos-Certificados-768x432.png 768w, https:\/\/savieza.com\/wp-content\/uploads\/Logos-Certificados-1536x864.png 1536w, https:\/\/savieza.com\/wp-content\/uploads\/Logos-Certificados-2048x1152.png 2048w\" sizes=\"(max-width: 1024px) 100vw, 1024px\" \/>\t\t\t\t\t\t\t\t\t\t\t\t\t\t\t<\/div>\n\t\t\t\t<\/div>\n\t\t\t\t<\/div>\n\t\t\t\t<\/div>\n\t\t\t\t<\/div>\n\t\t\t\t<\/div>","protected":false},"excerpt":{"rendered":"<p>Somos un proyecto ecotur\u00edstico (ecobiopsicosocial- espiritual), que busca promover a trav\u00e9s de diferentes experiencias donde se generan procesos integrales; en pro del desarrollo humano, bienestar del ser, formaci\u00f3n de comunidades; a trav\u00e9s de actividades implementadas en nuestros espacios rurales. Nuestra Visi\u00f3n Somos un proyecto ecotur\u00edstico integral, que busca\u00a0promover a trav\u00e9s de experiencias en \u00e1reas rurales &#8230; <a title=\"WHO WE ARE\" class=\"read-more\" href=\"https:\/\/savieza.com\/en\/sobre-nosotros\/\" aria-label=\"Read more about QUIENES SOMOS\">Read more<\/a><\/p>","protected":false},"author":1,"featured_media":0,"parent":0,"menu_order":0,"comment_status":"closed","ping_status":"closed","template":"","meta":{"_joinchat":[],"footnotes":""},"class_list":["post-259","page","type-page","status-publish"],"_links":{"self":[{"href":"https:\/\/savieza.com\/en\/wp-json\/wp\/v2\/pages\/259","targetHints":{"allow":["GET"]}}],"collection":[{"href":"https:\/\/savieza.com\/en\/wp-json\/wp\/v2\/pages"}],"about":[{"href":"https:\/\/savieza.com\/en\/wp-json\/wp\/v2\/types\/page"}],"author":[{"embeddable":true,"href":"https:\/\/savieza.com\/en\/wp-json\/wp\/v2\/users\/1"}],"replies":[{"embeddable":true,"href":"https:\/\/savieza.com\/en\/wp-json\/wp\/v2\/comments?post=259"}],"version-history":[{"count":53,"href":"https:\/\/savieza.com\/en\/wp-json\/wp\/v2\/pages\/259\/revisions"}],"predecessor-version":[{"id":1152,"href":"https:\/\/savieza.com\/en\/wp-json\/wp\/v2\/pages\/259\/revisions\/1152"}],"wp:attachment":[{"href":"https:\/\/savieza.com\/en\/wp-json\/wp\/v2\/media?parent=259"}],"curies":[{"name":"wp","href":"https:\/\/api.w.org\/{rel}","templated":true}]}}