{"id":1074,"date":"2024-10-23T12:35:15","date_gmt":"2024-10-23T17:35:15","guid":{"rendered":"https:\/\/savieza.com\/?page_id=1074"},"modified":"2024-10-23T18:07:58","modified_gmt":"2024-10-23T23:07:58","slug":"fundacion-savieza","status":"publish","type":"page","link":"https:\/\/savieza.com\/en\/fundacion-savieza\/","title":{"rendered":"FOUNDATION SAVIEZA"},"content":{"rendered":"<div data-elementor-type=\"wp-page\" data-elementor-id=\"1074\" class=\"elementor elementor-1074\" data-elementor-post-type=\"page\">\n\t\t\t\t<div class=\"elementor-element elementor-element-d4fa246 e-con-full e-flex e-con e-parent\" data-id=\"d4fa246\" data-element_type=\"container\">\n\t\t\t\t<div class=\"elementor-element elementor-element-18cf591 elementor-widget elementor-widget-image\" data-id=\"18cf591\" data-element_type=\"widget\" data-widget_type=\"image.default\">\n\t\t\t\t<div class=\"elementor-widget-container\">\n\t\t\t\t\t\t\t\t\t\t\t\t\t\t\t<img fetchpriority=\"high\" decoding=\"async\" width=\"768\" height=\"768\" src=\"https:\/\/savieza.com\/wp-content\/uploads\/Logo-Florista-Circular-Blanco-Negro-768x768.png\" class=\"attachment-medium_large size-medium_large wp-image-1076\" alt=\"\" srcset=\"https:\/\/savieza.com\/wp-content\/uploads\/Logo-Florista-Circular-Blanco-Negro-768x768.png 768w, https:\/\/savieza.com\/wp-content\/uploads\/Logo-Florista-Circular-Blanco-Negro-300x300.png 300w, https:\/\/savieza.com\/wp-content\/uploads\/Logo-Florista-Circular-Blanco-Negro-1024x1024.png 1024w, https:\/\/savieza.com\/wp-content\/uploads\/Logo-Florista-Circular-Blanco-Negro-150x150.png 150w, https:\/\/savieza.com\/wp-content\/uploads\/Logo-Florista-Circular-Blanco-Negro-1536x1536.png 1536w, https:\/\/savieza.com\/wp-content\/uploads\/Logo-Florista-Circular-Blanco-Negro-12x12.png 12w, https:\/\/savieza.com\/wp-content\/uploads\/Logo-Florista-Circular-Blanco-Negro-600x600.png 600w, https:\/\/savieza.com\/wp-content\/uploads\/Logo-Florista-Circular-Blanco-Negro-100x100.png 100w, https:\/\/savieza.com\/wp-content\/uploads\/Logo-Florista-Circular-Blanco-Negro.png 1563w\" sizes=\"(max-width: 768px) 100vw, 768px\" \/>\t\t\t\t\t\t\t\t\t\t\t\t\t\t\t<\/div>\n\t\t\t\t<\/div>\n\t\t\t\t<\/div>\n\t\t<div class=\"elementor-element elementor-element-d3eaf67 e-flex e-con-boxed e-con e-parent\" data-id=\"d3eaf67\" data-element_type=\"container\">\n\t\t\t\t\t<div class=\"e-con-inner\">\n\t\t\t\t<div class=\"elementor-element elementor-element-38ab4be elementor-widget elementor-widget-text-editor\" data-id=\"38ab4be\" data-element_type=\"widget\" data-widget_type=\"text-editor.default\">\n\t\t\t\t<div class=\"elementor-widget-container\">\n\t\t\t\t\t\t\t\t\t<p>The Foundation Savieza is a non-profit organization founded by Dr. Nohora M Rojas Torres in the year 2006 focused on promoting comprehensive care in vulnerable populations. His work encompasses a number of areas, such as education, health and economic empowerment, with the goal of improving the quality of life of the people it supports.<\/p><p>Through programs and projects, the foundation seeks to create a positive impact, promoting inclusion and community participation. It also focuses on the formation and training of individuals, promoting the development of skills that will enable them to be more self-sufficient and improve their conditions of life.<\/p><p>In summary, the Foundation Savieza is an example of how organizations can work to transform realities and provide opportunities to those who need it most.<\/p>\t\t\t\t\t\t\t\t<\/div>\n\t\t\t\t<\/div>\n\t\t\t\t\t<\/div>\n\t\t\t\t<\/div>\n\t\t<div class=\"elementor-element elementor-element-97450f6 e-flex e-con-boxed e-con e-parent\" data-id=\"97450f6\" data-element_type=\"container\">\n\t\t\t\t\t<div class=\"e-con-inner\">\n\t\t\t\t<div class=\"elementor-element elementor-element-835f0b9 elementor-widget elementor-widget-image\" data-id=\"835f0b9\" data-element_type=\"widget\" data-widget_type=\"image.default\">\n\t\t\t\t<div class=\"elementor-widget-container\">\n\t\t\t\t\t\t\t\t\t\t\t\t\t\t\t<img decoding=\"async\" width=\"1024\" height=\"576\" src=\"https:\/\/savieza.com\/wp-content\/uploads\/POSTER-FUNDACION-2-1024x576.png\" class=\"attachment-large size-large wp-image-1077\" alt=\"\" srcset=\"https:\/\/savieza.com\/wp-content\/uploads\/POSTER-FUNDACION-2-1024x576.png 1024w, https:\/\/savieza.com\/wp-content\/uploads\/POSTER-FUNDACION-2-300x169.png 300w, https:\/\/savieza.com\/wp-content\/uploads\/POSTER-FUNDACION-2-768x432.png 768w, https:\/\/savieza.com\/wp-content\/uploads\/POSTER-FUNDACION-2-1536x864.png 1536w, https:\/\/savieza.com\/wp-content\/uploads\/POSTER-FUNDACION-2-2048x1152.png 2048w, https:\/\/savieza.com\/wp-content\/uploads\/POSTER-FUNDACION-2-18x10.png 18w, https:\/\/savieza.com\/wp-content\/uploads\/POSTER-FUNDACION-2-600x338.png 600w\" sizes=\"(max-width: 1024px) 100vw, 1024px\" \/>\t\t\t\t\t\t\t\t\t\t\t\t\t\t\t<\/div>\n\t\t\t\t<\/div>\n\t\t\t\t\t<\/div>\n\t\t\t\t<\/div>\n\t\t<div class=\"elementor-element elementor-element-2edd001 e-flex e-con-boxed e-con e-parent\" data-id=\"2edd001\" data-element_type=\"container\">\n\t\t\t\t\t<div class=\"e-con-inner\">\n\t\t\t\t<div class=\"elementor-element elementor-element-1b8f286 elementor-widget elementor-widget-heading\" data-id=\"1b8f286\" data-element_type=\"widget\" data-widget_type=\"heading.default\">\n\t\t\t\t<div class=\"elementor-widget-container\">\n\t\t\t\t\t<h2 class=\"elementor-heading-title elementor-size-default\"><b>Link with us in the development of social activities, community and environmental.<\/b><\/h2>\t\t\t\t<\/div>\n\t\t\t\t<\/div>\n\t\t\t\t\t<\/div>\n\t\t\t\t<\/div>\n\t\t<div class=\"elementor-element elementor-element-7d95a77 e-flex e-con-boxed e-con e-parent\" data-id=\"7d95a77\" data-element_type=\"container\">\n\t\t\t\t\t<div class=\"e-con-inner\">\n\t\t\t\t\t<\/div>\n\t\t\t\t<\/div>\n\t\t<div class=\"elementor-element elementor-element-df74edc e-con-full e-flex e-con e-parent\" data-id=\"df74edc\" data-element_type=\"container\">\n\t\t<div class=\"elementor-element elementor-element-5a7ec65 e-con-full e-flex e-con e-child\" data-id=\"5a7ec65\" data-element_type=\"container\">\n\t\t\t\t<div class=\"elementor-element elementor-element-711e56d elementor-widget elementor-widget-image\" data-id=\"711e56d\" data-element_type=\"widget\" data-widget_type=\"image.default\">\n\t\t\t\t<div class=\"elementor-widget-container\">\n\t\t\t\t\t\t\t\t\t\t\t\t\t\t\t<img decoding=\"async\" width=\"477\" height=\"440\" src=\"https:\/\/savieza.com\/wp-content\/uploads\/savieza-fudacion.jpg\" class=\"attachment-medium_large size-medium_large wp-image-607\" alt=\"\" srcset=\"https:\/\/savieza.com\/wp-content\/uploads\/savieza-fudacion.jpg 477w, https:\/\/savieza.com\/wp-content\/uploads\/savieza-fudacion-300x277.jpg 300w\" sizes=\"(max-width: 477px) 100vw, 477px\" \/>\t\t\t\t\t\t\t\t\t\t\t\t\t\t\t<\/div>\n\t\t\t\t<\/div>\n\t\t\t\t<\/div>\n\t\t<div class=\"elementor-element elementor-element-16eddd2 e-con-full e-flex e-con e-child\" data-id=\"16eddd2\" data-element_type=\"container\">\n\t\t\t\t<div class=\"elementor-element elementor-element-a307c06 elementor-widget elementor-widget-heading\" data-id=\"a307c06\" data-element_type=\"widget\" data-widget_type=\"heading.default\">\n\t\t\t\t<div class=\"elementor-widget-container\">\n\t\t\t\t\t<h6 class=\"elementor-heading-title elementor-size-default\">Contact:(+57) 318 387 9533<\/h6>\t\t\t\t<\/div>\n\t\t\t\t<\/div>\n\t\t\t\t<div class=\"elementor-element elementor-element-e6739c3 elementor-widget elementor-widget-button\" data-id=\"e6739c3\" data-element_type=\"widget\" data-widget_type=\"button.default\">\n\t\t\t\t<div class=\"elementor-widget-container\">\n\t\t\t\t\t\t\t\t\t<div class=\"elementor-button-wrapper\">\n\t\t\t\t\t<a class=\"elementor-button elementor-button-link elementor-size-sm\" href=\"mailto:fundacion@savieza.com?subject=deseo%20optener%20mas%20informacion%20sobre%20la%20fundacion\">\n\t\t\t\t\t\t<span class=\"elementor-button-content-wrapper\">\n\t\t\t\t\t\t<span class=\"elementor-button-icon\">\n\t\t\t\t<svg aria-hidden=\"true\" class=\"e-font-icon-svg e-far-handshake\" viewbox=\"0 0 640 512\" xmlns=\"http:\/\/www.w3.org\/2000\/svg\"><path d=\"M519.2 127.9l-47.6-47.6A56.252 56.252 0 0 0 432 64H205.2c-14.8 0-29.1 5.9-39.6 16.3L118 127.9H0v255.7h64c17.6 0 31.8-14.2 31.9-31.7h9.1l84.6 76.4c30.9 25.1 73.8 25.7 105.6 3.8 12.5 10.8 26 15.9 41.1 15.9 18.2 0 35.3-7.4 48.8-24 22.1 8.7 48.2 2.6 64-16.8l26.2-32.3c5.6-6.9 9.1-14.8 10.9-23h57.9c.1 17.5 14.4 31.7 31.9 31.7h64V127.9H519.2zM48 351.6c-8.8 0-16-7.2-16-16s7.2-16 16-16 16 7.2 16 16c0 8.9-7.2 16-16 16zm390-6.9l-26.1 32.2c-2.8 3.4-7.8 4-11.3 1.2l-23.9-19.4-30 36.5c-6 7.3-15 4.8-18 2.4l-36.8-31.5-15.6 19.2c-13.9 17.1-39.2 19.7-55.3 6.6l-97.3-88H96V175.8h41.9l61.7-61.6c2-.8 3.7-1.5 5.7-2.3H262l-38.7 35.5c-29.4 26.9-31.1 72.3-4.4 101.3 14.8 16.2 61.2 41.2 101.5 4.4l8.2-7.5 108.2 87.8c3.4 2.8 3.9 7.9 1.2 11.3zm106-40.8h-69.2c-2.3-2.8-4.9-5.4-7.7-7.7l-102.7-83.4 12.5-11.4c6.5-6 7-16.1 1-22.6L367 167.1c-6-6.5-16.1-6.9-22.6-1l-55.2 50.6c-9.5 8.7-25.7 9.4-34.6 0-9.3-9.9-8.5-25.1 1.2-33.9l65.6-60.1c7.4-6.8 17-10.5 27-10.5l83.7-.2c2.1 0 4.1.8 5.5 2.3l61.7 61.6H544v128zm48 47.7c-8.8 0-16-7.2-16-16s7.2-16 16-16 16 7.2 16 16c0 8.9-7.2 16-16 16z\"><\/path><\/svg>\t\t\t<\/span>\n\t\t\t\t\t\t\t\t\t<span class=\"elementor-button-text\">fundacion@savieza.com<\/span>\n\t\t\t\t\t<\/span>\n\t\t\t\t\t<\/a>\n\t\t\t\t<\/div>\n\t\t\t\t\t\t\t\t<\/div>\n\t\t\t\t<\/div>\n\t\t\t\t<div class=\"elementor-element elementor-element-b65cf2e elementor-shape-rounded elementor-grid-0 e-grid-align-center elementor-widget elementor-widget-social-icons\" data-id=\"b65cf2e\" data-element_type=\"widget\" data-widget_type=\"social-icons.default\">\n\t\t\t\t<div class=\"elementor-widget-container\">\n\t\t\t\t\t\t\t<div class=\"elementor-social-icons-wrapper elementor-grid\" role=\"list\">\n\t\t\t\t\t\t\t<span class=\"elementor-grid-item\" role=\"listitem\">\n\t\t\t\t\t<a class=\"elementor-icon elementor-social-icon elementor-social-icon-facebook elementor-repeater-item-c1a4eb2\" href=\"https:\/\/www.facebook.com\/SECRETARIADESSASE20162019\" target=\"_blank\">\n\t\t\t\t\t\t<span class=\"elementor-screen-only\">Facebook<\/span>\n\t\t\t\t\t\t<svg class=\"e-font-icon-svg e-fab-facebook\" viewbox=\"0 0 512 512\" xmlns=\"http:\/\/www.w3.org\/2000\/svg\"><path d=\"M504 256C504 119 393 8 256 8S8 119 8 256c0 123.78 90.69 226.38 209.25 245V327.69h-63V256h63v-54.64c0-62.15 37-96.48 93.67-96.48 27.14 0 55.52 4.84 55.52 4.84v61h-31.28c-30.8 0-40.41 19.12-40.41 38.73V256h68.78l-11 71.69h-57.78V501C413.31 482.38 504 379.78 504 256z\"><\/path><\/svg>\t\t\t\t\t<\/a>\n\t\t\t\t<\/span>\n\t\t\t\t\t\t\t<span class=\"elementor-grid-item\" role=\"listitem\">\n\t\t\t\t\t<a class=\"elementor-icon elementor-social-icon elementor-social-icon-instagram elementor-repeater-item-ba76379\" target=\"_blank\">\n\t\t\t\t\t\t<span class=\"elementor-screen-only\">Instagram<\/span>\n\t\t\t\t\t\t<svg class=\"e-font-icon-svg e-fab-instagram\" viewbox=\"0 0 448 512\" xmlns=\"http:\/\/www.w3.org\/2000\/svg\"><path d=\"M224.1 141c-63.6 0-114.9 51.3-114.9 114.9s51.3 114.9 114.9 114.9S339 319.5 339 255.9 287.7 141 224.1 141zm0 189.6c-41.1 0-74.7-33.5-74.7-74.7s33.5-74.7 74.7-74.7 74.7 33.5 74.7 74.7-33.6 74.7-74.7 74.7zm146.4-194.3c0 14.9-12 26.8-26.8 26.8-14.9 0-26.8-12-26.8-26.8s12-26.8 26.8-26.8 26.8 12 26.8 26.8zm76.1 27.2c-1.7-35.9-9.9-67.7-36.2-93.9-26.2-26.2-58-34.4-93.9-36.2-37-2.1-147.9-2.1-184.9 0-35.8 1.7-67.6 9.9-93.9 36.1s-34.4 58-36.2 93.9c-2.1 37-2.1 147.9 0 184.9 1.7 35.9 9.9 67.7 36.2 93.9s58 34.4 93.9 36.2c37 2.1 147.9 2.1 184.9 0 35.9-1.7 67.7-9.9 93.9-36.2 26.2-26.2 34.4-58 36.2-93.9 2.1-37 2.1-147.8 0-184.8zM398.8 388c-7.8 19.6-22.9 34.7-42.6 42.6-29.5 11.7-99.5 9-132.1 9s-102.7 2.6-132.1-9c-19.6-7.8-34.7-22.9-42.6-42.6-11.7-29.5-9-99.5-9-132.1s-2.6-102.7 9-132.1c7.8-19.6 22.9-34.7 42.6-42.6 29.5-11.7 99.5-9 132.1-9s102.7-2.6 132.1 9c19.6 7.8 34.7 22.9 42.6 42.6 11.7 29.5 9 99.5 9 132.1s2.7 102.7-9 132.1z\"><\/path><\/svg>\t\t\t\t\t<\/a>\n\t\t\t\t<\/span>\n\t\t\t\t\t\t\t<span class=\"elementor-grid-item\" role=\"listitem\">\n\t\t\t\t\t<a class=\"elementor-icon elementor-social-icon elementor-social-icon-tiktok elementor-repeater-item-0e8320e\" target=\"_blank\">\n\t\t\t\t\t\t<span class=\"elementor-screen-only\">Tiktok<\/span>\n\t\t\t\t\t\t<svg class=\"e-font-icon-svg e-fab-tiktok\" viewbox=\"0 0 448 512\" xmlns=\"http:\/\/www.w3.org\/2000\/svg\"><path d=\"M448,209.91a210.06,210.06,0,0,1-122.77-39.25V349.38A162.55,162.55,0,1,1,185,188.31V278.2a74.62,74.62,0,1,0,52.23,71.18V0l88,0a121.18,121.18,0,0,0,1.86,22.17h0A122.18,122.18,0,0,0,381,102.39a121.43,121.43,0,0,0,67,20.14Z\"><\/path><\/svg>\t\t\t\t\t<\/a>\n\t\t\t\t<\/span>\n\t\t\t\t\t<\/div>\n\t\t\t\t\t\t<\/div>\n\t\t\t\t<\/div>\n\t\t\t\t<\/div>\n\t\t\t\t<\/div>\n\t\t\t\t<\/div>","protected":false},"excerpt":{"rendered":"<p>La Fundaci\u00f3n Savieza es una organizaci\u00f3n sin \u00e1nimo de lucro fundada por la Dra. Nohora M Rojas Torres en el a\u00f1o 2006 enfocada en promover la atenci\u00f3n integral en las poblaciones vulnerables. Su trabajo abarca diversas \u00e1reas, como la educaci\u00f3n, la salud y el empoderamiento econ\u00f3mico, con el objetivo de mejorar la calidad de vida &#8230; <a title=\"FOUNDATION SAVIEZA\" class=\"read-more\" href=\"https:\/\/savieza.com\/en\/fundacion-savieza\/\" aria-label=\"Read more about FUNDACION SAVIEZA\">Read more<\/a><\/p>","protected":false},"author":1,"featured_media":0,"parent":0,"menu_order":0,"comment_status":"closed","ping_status":"closed","template":"","meta":{"_joinchat":[],"footnotes":""},"class_list":["post-1074","page","type-page","status-publish"],"_links":{"self":[{"href":"https:\/\/savieza.com\/en\/wp-json\/wp\/v2\/pages\/1074","targetHints":{"allow":["GET"]}}],"collection":[{"href":"https:\/\/savieza.com\/en\/wp-json\/wp\/v2\/pages"}],"about":[{"href":"https:\/\/savieza.com\/en\/wp-json\/wp\/v2\/types\/page"}],"author":[{"embeddable":true,"href":"https:\/\/savieza.com\/en\/wp-json\/wp\/v2\/users\/1"}],"replies":[{"embeddable":true,"href":"https:\/\/savieza.com\/en\/wp-json\/wp\/v2\/comments?post=1074"}],"version-history":[{"count":37,"href":"https:\/\/savieza.com\/en\/wp-json\/wp\/v2\/pages\/1074\/revisions"}],"predecessor-version":[{"id":1195,"href":"https:\/\/savieza.com\/en\/wp-json\/wp\/v2\/pages\/1074\/revisions\/1195"}],"wp:attachment":[{"href":"https:\/\/savieza.com\/en\/wp-json\/wp\/v2\/media?parent=1074"}],"curies":[{"name":"wp","href":"https:\/\/api.w.org\/{rel}","templated":true}]}}